{"id":82,"date":"2018-10-24T17:28:53","date_gmt":"2018-10-24T15:28:53","guid":{"rendered":"http:\/\/frp.macphone.cz\/subdom\/frp\/?page_id=82"},"modified":"2024-01-30T22:00:39","modified_gmt":"2024-01-30T21:00:39","slug":"kdo-jsme","status":"publish","type":"page","link":"https:\/\/frp.macphone.cz\/subdom\/frp\/jak-odstranit-frp-google-ucet\/kdo-jsme\/","title":{"rendered":"Kdo jsme"},"content":{"rendered":"<p>Zab\u00fdv\u00e1me se 20 let opravami mobiln\u00edch telefon\u016f, pracujeme pro jedny z nejv\u011bt\u0161\u00edch servis\u016f v \u010cR jako extern\u00ed partne\u0159i pro \u0159e\u0161en\u00ed t\u011bch nejt\u011b\u017e\u0161\u00edch z\u00e1vad. Mimo jin\u00e9 se zab\u00fdv\u00e1me profesion\u00e1ln\u00ed odstran\u011bn\u00edm ochrany FRP na v\u0161ech mobiln\u00edch telefon s opera\u010dn\u00edm syst\u00e9mem Android. Vlastn\u00edme n\u00e1stroje na odstran\u011bn\u00ed google \u00fa\u010dtu pro v\u011bt\u0161inu zna\u010dek mobiln\u00edch telefon\u016f a chipset\u016f. A to V\u00e1m pr\u00e1v\u011b nab\u00edz\u00edme &#8211; <strong>za bezkonkuren\u010dn\u00ed cenu odstran\u00edme na Va\u0161em Android telefonu V\u00e1\u0161 zapomenut\u00fd nebo uzam\u010den\u00fd google u\u010det.<\/strong><\/p>\n<p>Z\u00e1rove\u0148 se <strong>specializujeme na z\u00e1chranu dat z mobiln\u00edch telefon\u016f<\/strong>, um\u00edme prolomit FBE i FDE \u0161ifrov\u00e1n\u00ed na mnoha telefonech s chipsety Qulacomm, MTK, Unisoc atd. a to bez ohledu na verz\u00edch opera\u010dn\u00edho syst\u00e9mu Android.<\/p>\n","protected":false},"excerpt":{"rendered":"<p>Zab\u00fdv\u00e1me se 20 let opravami mobiln\u00edch telefon\u016f, pracujeme pro jedny z nejv\u011bt\u0161\u00edch servis\u016f v \u010cR jako extern\u00ed partne\u0159i pro \u0159e\u0161en\u00ed t\u011bch nejt\u011b\u017e\u0161\u00edch z\u00e1vad. Mimo jin\u00e9 se zab\u00fdv\u00e1me profesion\u00e1ln\u00ed odstran\u011bn\u00edm ochrany FRP na v\u0161ech mobiln\u00edch telefon s opera\u010dn\u00edm syst\u00e9mem Android. Vlastn\u00edme n\u00e1stroje na odstran\u011bn\u00ed google \u00fa\u010dtu pro v\u011bt\u0161inu zna\u010dek mobiln\u00edch telefon\u016f a chipset\u016f. A to V\u00e1m &hellip; <a href=\"https:\/\/frp.macphone.cz\/subdom\/frp\/jak-odstranit-frp-google-ucet\/kdo-jsme\/\" class=\"more-link\">Pokra\u010dov\u00e1n\u00ed textu <span class=\"screen-reader-text\">Kdo jsme<\/span><\/a><\/p>\n","protected":false},"author":1,"featured_media":0,"parent":0,"menu_order":0,"comment_status":"closed","ping_status":"closed","template":"","meta":{"_joinchat":[],"footnotes":""},"class_list":["post-82","page","type-page","status-publish","hentry"],"_links":{"self":[{"href":"https:\/\/frp.macphone.cz\/subdom\/frp\/jak-odstranit-frp-google-ucet\/wp-json\/wp\/v2\/pages\/82","targetHints":{"allow":["GET"]}}],"collection":[{"href":"https:\/\/frp.macphone.cz\/subdom\/frp\/jak-odstranit-frp-google-ucet\/wp-json\/wp\/v2\/pages"}],"about":[{"href":"https:\/\/frp.macphone.cz\/subdom\/frp\/jak-odstranit-frp-google-ucet\/wp-json\/wp\/v2\/types\/page"}],"author":[{"embeddable":true,"href":"https:\/\/frp.macphone.cz\/subdom\/frp\/jak-odstranit-frp-google-ucet\/wp-json\/wp\/v2\/users\/1"}],"replies":[{"embeddable":true,"href":"https:\/\/frp.macphone.cz\/subdom\/frp\/jak-odstranit-frp-google-ucet\/wp-json\/wp\/v2\/comments?post=82"}],"version-history":[{"count":6,"href":"https:\/\/frp.macphone.cz\/subdom\/frp\/jak-odstranit-frp-google-ucet\/wp-json\/wp\/v2\/pages\/82\/revisions"}],"predecessor-version":[{"id":315,"href":"https:\/\/frp.macphone.cz\/subdom\/frp\/jak-odstranit-frp-google-ucet\/wp-json\/wp\/v2\/pages\/82\/revisions\/315"}],"wp:attachment":[{"href":"https:\/\/frp.macphone.cz\/subdom\/frp\/jak-odstranit-frp-google-ucet\/wp-json\/wp\/v2\/media?parent=82"}],"curies":[{"name":"wp","href":"https:\/\/api.w.org\/{rel}","templated":true}]}}