{"id":55,"date":"2018-10-22T14:30:05","date_gmt":"2018-10-22T12:30:05","guid":{"rendered":"http:\/\/frp.macphone.cz\/subdom\/frp\/?page_id=55"},"modified":"2018-11-02T14:53:29","modified_gmt":"2018-11-02T13:53:29","slug":"co-je-frp","status":"publish","type":"page","link":"https:\/\/frp.macphone.cz\/subdom\/frp\/jak-odstranit-frp-google-ucet\/co-je-frp\/","title":{"rendered":"Co je FRP"},"content":{"rendered":"<p><strong><a href=\"http:\/\/frp.macphone.cz\/subdom\/frp\/wp-content\/uploads\/2018\/11\/Screenshot_2018-11-02-13-23-36.png\"><img loading=\"lazy\" decoding=\"async\" class=\"alignright size-medium wp-image-127\" src=\"http:\/\/frp.macphone.cz\/subdom\/frp\/wp-content\/uploads\/2018\/11\/Screenshot_2018-11-02-13-23-36-169x300.png\" alt=\"\" width=\"169\" height=\"300\" srcset=\"https:\/\/frp.macphone.cz\/subdom\/frp\/wp-content\/uploads\/2018\/11\/Screenshot_2018-11-02-13-23-36-169x300.png 169w, https:\/\/frp.macphone.cz\/subdom\/frp\/wp-content\/uploads\/2018\/11\/Screenshot_2018-11-02-13-23-36-576x1024.png 576w, https:\/\/frp.macphone.cz\/subdom\/frp\/wp-content\/uploads\/2018\/11\/Screenshot_2018-11-02-13-23-36.png 720w\" sizes=\"auto, (max-width: 169px) 100vw, 169px\" \/><\/a>Factory Reset Protection &#8211; FRP &#8211;<\/strong> je sou\u010d\u00e1st zabezpe\u010den\u00ed telefonu s opera\u010dn\u00edm syst\u00e9mem Android. Tato vlastnost byla p\u0159id\u00e1na spole\u010dnost\u00ed Google v b\u0159eznu 2015 pro verze Android 5.1 a vy\u0161\u0161\u00ed.<\/p>\n<p>Pokud m\u00e1 V\u00e1\u0161 telefon tuto funkci zapnutou &#8211; a s nevet\u0161\u00ed pravd\u011bpodobnost\u00ed m\u00e1 &#8211; budete moci sv\u016fj telefon zaktivovat (nap\u0159. po hard reset) pokud nebyl google \u00fa\u010det p\u0159ed hard reset odebr\u00e1n nebo nebyl v\u016fbec vlo\u017een.<\/p>\n<p>Tato funkce by m\u011bla zabr\u00e1nit tomu aby p\u0159i kr\u00e1de\u017ei Va\u0161eho telefonu nebylo ji\u017e mo\u017en\u00e9 prov\u00e9st znovu aktivaci odcizen\u00e9ho za\u0159\u00edzen\u00ed. Bohu\u017eel se v\u0161ak FRP bude chovat stejn\u011b i kdy\u017e zapomenete google \u00fa\u010det kter\u00fd jste do telefonu vlo\u017eili.<\/p>\n<p>M\u016f\u017eete se pokusit<a href=\"http:\/\/frp.macphone.cz\/subdom\/frp\/jak-odstranit-frp-google-ucet\/jak-odstranit-frp-google-ucet\/\"> V\u00e1\u0161 telefon odblokovat sv\u00e9pomoc\u00ed<\/a> a pokud se V\u00e1m to neda\u0159\u00ed <a href=\"http:\/\/frp.macphone.cz\/subdom\/frp\/jak-odstranit-frp-google-ucet\/kontakt\/\">kontaktujte n\u00e1s<\/a> a my V\u00e1m jej r\u00e1di odblokujeme.<\/p>\n","protected":false},"excerpt":{"rendered":"<p>Factory Reset Protection &#8211; FRP &#8211; je sou\u010d\u00e1st zabezpe\u010den\u00ed telefonu s opera\u010dn\u00edm syst\u00e9mem Android. Tato vlastnost byla p\u0159id\u00e1na spole\u010dnost\u00ed Google v b\u0159eznu 2015 pro verze Android 5.1 a vy\u0161\u0161\u00ed. Pokud m\u00e1 V\u00e1\u0161 telefon tuto funkci zapnutou &#8211; a s nevet\u0161\u00ed pravd\u011bpodobnost\u00ed m\u00e1 &#8211; budete moci sv\u016fj telefon zaktivovat (nap\u0159. po hard reset) pokud nebyl google &hellip; <a href=\"https:\/\/frp.macphone.cz\/subdom\/frp\/jak-odstranit-frp-google-ucet\/co-je-frp\/\" class=\"more-link\">Pokra\u010dov\u00e1n\u00ed textu <span class=\"screen-reader-text\">Co je FRP<\/span><\/a><\/p>\n","protected":false},"author":1,"featured_media":0,"parent":0,"menu_order":0,"comment_status":"closed","ping_status":"closed","template":"","meta":{"_joinchat":[],"footnotes":""},"class_list":["post-55","page","type-page","status-publish","hentry"],"_links":{"self":[{"href":"https:\/\/frp.macphone.cz\/subdom\/frp\/jak-odstranit-frp-google-ucet\/wp-json\/wp\/v2\/pages\/55","targetHints":{"allow":["GET"]}}],"collection":[{"href":"https:\/\/frp.macphone.cz\/subdom\/frp\/jak-odstranit-frp-google-ucet\/wp-json\/wp\/v2\/pages"}],"about":[{"href":"https:\/\/frp.macphone.cz\/subdom\/frp\/jak-odstranit-frp-google-ucet\/wp-json\/wp\/v2\/types\/page"}],"author":[{"embeddable":true,"href":"https:\/\/frp.macphone.cz\/subdom\/frp\/jak-odstranit-frp-google-ucet\/wp-json\/wp\/v2\/users\/1"}],"replies":[{"embeddable":true,"href":"https:\/\/frp.macphone.cz\/subdom\/frp\/jak-odstranit-frp-google-ucet\/wp-json\/wp\/v2\/comments?post=55"}],"version-history":[{"count":8,"href":"https:\/\/frp.macphone.cz\/subdom\/frp\/jak-odstranit-frp-google-ucet\/wp-json\/wp\/v2\/pages\/55\/revisions"}],"predecessor-version":[{"id":139,"href":"https:\/\/frp.macphone.cz\/subdom\/frp\/jak-odstranit-frp-google-ucet\/wp-json\/wp\/v2\/pages\/55\/revisions\/139"}],"wp:attachment":[{"href":"https:\/\/frp.macphone.cz\/subdom\/frp\/jak-odstranit-frp-google-ucet\/wp-json\/wp\/v2\/media?parent=55"}],"curies":[{"name":"wp","href":"https:\/\/api.w.org\/{rel}","templated":true}]}}