{"id":346,"date":"2025-11-06T23:48:19","date_gmt":"2025-11-06T22:48:19","guid":{"rendered":"https:\/\/frp.macphone.cz\/subdom\/frp\/jak-odstranit-frp-google-ucet\/?page_id=346"},"modified":"2025-11-06T23:49:00","modified_gmt":"2025-11-06T22:49:00","slug":"samsung-a55-a556b-frp","status":"publish","type":"page","link":"https:\/\/frp.macphone.cz\/subdom\/frp\/jak-odstranit-frp-google-ucet\/samsung-a55-a556b-frp\/","title":{"rendered":"Samsung A55 &#8211; A556B FRP"},"content":{"rendered":"\n<p>Odblokov\u00e1n\u00ed telefonu Samsung A55 &#8211; A556B s android 16 &#8211; metodou UFS ISP.<\/p>\n\n\n\n<p>Pou\u017eit\u00fd program\u00e1tor EasyJtag Plus<\/p>\n\n\n\n<ul class=\"wp-block-gallery alignright columns-1 is-cropped wp-block-gallery-1 is-layout-flex wp-block-gallery-is-layout-flex\"><li class=\"blocks-gallery-item\"><figure><img loading=\"lazy\" decoding=\"async\" width=\"771\" height=\"1024\" src=\"https:\/\/frp.macphone.cz\/subdom\/frp\/wp-content\/uploads\/2025\/11\/PXL_20251104_211814356.MP_-771x1024.jpg\" alt=\"\" data-id=\"348\" class=\"wp-image-348\" srcset=\"https:\/\/frp.macphone.cz\/subdom\/frp\/wp-content\/uploads\/2025\/11\/PXL_20251104_211814356.MP_-771x1024.jpg 771w, https:\/\/frp.macphone.cz\/subdom\/frp\/wp-content\/uploads\/2025\/11\/PXL_20251104_211814356.MP_-226x300.jpg 226w, https:\/\/frp.macphone.cz\/subdom\/frp\/wp-content\/uploads\/2025\/11\/PXL_20251104_211814356.MP_-768x1020.jpg 768w\" sizes=\"auto, (max-width: 771px) 100vw, 771px\" \/><figcaption>Samsung A55 (A556B) odblokov\u00e1n\u00ed FRP metodou UFS ISP<\/figcaption><\/figure><\/li><\/ul>\n\n\n\n<ul class=\"wp-block-gallery columns-1 is-cropped wp-block-gallery-2 is-layout-flex wp-block-gallery-is-layout-flex\"><li class=\"blocks-gallery-item\"><figure><img loading=\"lazy\" decoding=\"async\" width=\"771\" height=\"1024\" src=\"https:\/\/frp.macphone.cz\/subdom\/frp\/wp-content\/uploads\/2025\/11\/PXL_20251104_211839667.MP_-771x1024.jpg\" alt=\"\" data-id=\"350\" class=\"wp-image-350\" srcset=\"https:\/\/frp.macphone.cz\/subdom\/frp\/wp-content\/uploads\/2025\/11\/PXL_20251104_211839667.MP_-771x1024.jpg 771w, https:\/\/frp.macphone.cz\/subdom\/frp\/wp-content\/uploads\/2025\/11\/PXL_20251104_211839667.MP_-226x300.jpg 226w, https:\/\/frp.macphone.cz\/subdom\/frp\/wp-content\/uploads\/2025\/11\/PXL_20251104_211839667.MP_-768x1020.jpg 768w\" sizes=\"auto, (max-width: 771px) 100vw, 771px\" \/><\/figure><\/li><\/ul>\n\n\n\n<ul class=\"wp-block-gallery columns-1 is-cropped wp-block-gallery-3 is-layout-flex wp-block-gallery-is-layout-flex\"><li class=\"blocks-gallery-item\"><figure><img loading=\"lazy\" decoding=\"async\" width=\"771\" height=\"1024\" src=\"https:\/\/frp.macphone.cz\/subdom\/frp\/wp-content\/uploads\/2025\/11\/PXL_20251104_211859244.MP_-771x1024.jpg\" alt=\"\" data-id=\"349\" class=\"wp-image-349\" srcset=\"https:\/\/frp.macphone.cz\/subdom\/frp\/wp-content\/uploads\/2025\/11\/PXL_20251104_211859244.MP_-771x1024.jpg 771w, https:\/\/frp.macphone.cz\/subdom\/frp\/wp-content\/uploads\/2025\/11\/PXL_20251104_211859244.MP_-226x300.jpg 226w, https:\/\/frp.macphone.cz\/subdom\/frp\/wp-content\/uploads\/2025\/11\/PXL_20251104_211859244.MP_-768x1020.jpg 768w\" sizes=\"auto, (max-width: 771px) 100vw, 771px\" \/><\/figure><\/li><\/ul>\n","protected":false},"excerpt":{"rendered":"<p>Odblokov\u00e1n\u00ed telefonu Samsung A55 &#8211; A556B s android 16 &#8211; metodou UFS ISP. Pou\u017eit\u00fd program\u00e1tor EasyJtag Plus<\/p>\n","protected":false},"author":1,"featured_media":0,"parent":0,"menu_order":0,"comment_status":"closed","ping_status":"closed","template":"","meta":{"_joinchat":[],"footnotes":""},"class_list":["post-346","page","type-page","status-publish","hentry"],"_links":{"self":[{"href":"https:\/\/frp.macphone.cz\/subdom\/frp\/jak-odstranit-frp-google-ucet\/wp-json\/wp\/v2\/pages\/346","targetHints":{"allow":["GET"]}}],"collection":[{"href":"https:\/\/frp.macphone.cz\/subdom\/frp\/jak-odstranit-frp-google-ucet\/wp-json\/wp\/v2\/pages"}],"about":[{"href":"https:\/\/frp.macphone.cz\/subdom\/frp\/jak-odstranit-frp-google-ucet\/wp-json\/wp\/v2\/types\/page"}],"author":[{"embeddable":true,"href":"https:\/\/frp.macphone.cz\/subdom\/frp\/jak-odstranit-frp-google-ucet\/wp-json\/wp\/v2\/users\/1"}],"replies":[{"embeddable":true,"href":"https:\/\/frp.macphone.cz\/subdom\/frp\/jak-odstranit-frp-google-ucet\/wp-json\/wp\/v2\/comments?post=346"}],"version-history":[{"count":4,"href":"https:\/\/frp.macphone.cz\/subdom\/frp\/jak-odstranit-frp-google-ucet\/wp-json\/wp\/v2\/pages\/346\/revisions"}],"predecessor-version":[{"id":353,"href":"https:\/\/frp.macphone.cz\/subdom\/frp\/jak-odstranit-frp-google-ucet\/wp-json\/wp\/v2\/pages\/346\/revisions\/353"}],"wp:attachment":[{"href":"https:\/\/frp.macphone.cz\/subdom\/frp\/jak-odstranit-frp-google-ucet\/wp-json\/wp\/v2\/media?parent=346"}],"curies":[{"name":"wp","href":"https:\/\/api.w.org\/{rel}","templated":true}]}}