{"id":329,"date":"2025-10-15T23:11:32","date_gmt":"2025-10-15T21:11:32","guid":{"rendered":"http:\/\/frp.macphone.cz\/subdom\/frp\/jak-odstranit-frp-google-ucet\/?page_id=329"},"modified":"2025-12-05T23:56:39","modified_gmt":"2025-12-05T22:56:39","slug":"odblokovani-frp-samsung-android-15-a-vyssi","status":"publish","type":"page","link":"https:\/\/frp.macphone.cz\/subdom\/frp\/jak-odstranit-frp-google-ucet\/","title":{"rendered":"Odblokov\u00e1n\u00ed FRP &#8211; Samsung Android 15 a 16"},"content":{"rendered":"\n<p>k S n\u00e1stupem Androidu 15 a souvisej\u00edc\u00edmi bezpe\u010dnostn\u00edmi zm\u011bnami u\u017e nen\u00ed mo\u017en\u00e9 spol\u00e9hat na tradi\u010dn\u00ed profesion\u00e1ln\u00ed n\u00e1stroje (Chimera, UnlockTool a podobn\u00e9) k obejit\u00ed <strong>FRP ochrany Google \u00fa\u010dtu<\/strong> jako byly nap\u0159\u00edklad EUB, EDL apod. V\u00fdvoj zabezpe\u010den\u00ed postavil nov\u00e9 bari\u00e9ry, kter\u00e9 tyto softwarov\u00e9 \u0159e\u0161en\u00ed obch\u00e1zet nedok\u00e1\u017eou &#8211; blokov\u00e1n\u00ed p\u0159\u00edstupu k pam\u011bti skrz Bootloader.<br>Jedno funk\u010dn\u00ed a ov\u011b\u0159en\u00e9 \u0159e\u0161en\u00ed p\u0159esto existuje \u2014 metoda <strong>ISP (In-System Programming<\/strong>). Jedn\u00e1 se o hardwarov\u00fd p\u0159\u00edstup p\u0159\u00edmo do vnit\u0159n\u00edch rozhran\u00ed za\u0159\u00edzen\u00ed, d\u00edky kter\u00e9mu lze bezpe\u010dn\u011b a trvale odstranit FRP zamknut\u00ed. Tuto techniku m\u00e1me zvl\u00e1dnutou do detailu: prov\u00e1d\u00edme ji bezpe\u010dn\u011b, profesion\u00e1ln\u011b a s vysokou \u00fasp\u011b\u0161nost\u00ed na v\u011bt\u0161in\u011b model\u016f Samsung \u2014 a s \u00fapravami i na mnoha dal\u0161\u00edch telefonech.<br>Pokud m\u00e1te zam\u010den\u00e9 za\u0159\u00edzen\u00ed, r\u00e1di v\u00e1m porad\u00edme, ov\u011b\u0159\u00edme kompatibilitu a nab\u00eddneme nejbezpe\u010dn\u011bj\u0161\u00ed postup pro jeho odblokov\u00e1n\u00ed. <\/p>\n\n\n\n<p style=\"text-align:center\" class=\"has-text-color has-vivid-red-color\"><strong>Cena odblokov\u00e1n\u00ed je 1500K\u010d pro v\u0161echna za\u0159\u00edzen\u00ed<\/strong><\/p>\n\n\n\n<figure class=\"wp-block-image\"><img loading=\"lazy\" decoding=\"async\" width=\"748\" height=\"379\" src=\"http:\/\/frp.macphone.cz\/subdom\/frp\/wp-content\/uploads\/2025\/10\/image.png\" alt=\"metoda ISP (In-System Programming) - FRP - odblokov\u00e1n\u00ed Google \u00fa\u010det\" class=\"wp-image-330\" srcset=\"https:\/\/frp.macphone.cz\/subdom\/frp\/wp-content\/uploads\/2025\/10\/image.png 748w, https:\/\/frp.macphone.cz\/subdom\/frp\/wp-content\/uploads\/2025\/10\/image-300x152.png 300w\" sizes=\"auto, (max-width: 748px) 100vw, 748px\" \/><\/figure>\n\n\n\n<p class=\"has-background has-pale-cyan-blue-background-color\">Pokud jste servis nev\u00e1hejte n\u00e1s <a href=\"http:\/\/frp.macphone.cz\/subdom\/frp\/jak-odstranit-frp-google-ucet\/kontakt\/\">kontaktovat<\/a> pro u\u017e\u0161\u00ed spolupr\u00e1ci v r\u00e1mci B2B.<\/p>\n","protected":false},"excerpt":{"rendered":"<p>k S n\u00e1stupem Androidu 15 a souvisej\u00edc\u00edmi bezpe\u010dnostn\u00edmi zm\u011bnami u\u017e nen\u00ed mo\u017en\u00e9 spol\u00e9hat na tradi\u010dn\u00ed profesion\u00e1ln\u00ed n\u00e1stroje (Chimera, UnlockTool a podobn\u00e9) k obejit\u00ed FRP ochrany Google \u00fa\u010dtu jako byly nap\u0159\u00edklad EUB, EDL apod. V\u00fdvoj zabezpe\u010den\u00ed postavil nov\u00e9 bari\u00e9ry, kter\u00e9 tyto softwarov\u00e9 \u0159e\u0161en\u00ed obch\u00e1zet nedok\u00e1\u017eou &#8211; blokov\u00e1n\u00ed p\u0159\u00edstupu k pam\u011bti skrz Bootloader.Jedno funk\u010dn\u00ed a ov\u011b\u0159en\u00e9 \u0159e\u0161en\u00ed &hellip; <a href=\"https:\/\/frp.macphone.cz\/subdom\/frp\/jak-odstranit-frp-google-ucet\/\" class=\"more-link\">Pokra\u010dov\u00e1n\u00ed textu <span class=\"screen-reader-text\">Odblokov\u00e1n\u00ed FRP &#8211; Samsung Android 15 a 16<\/span><\/a><\/p>\n","protected":false},"author":1,"featured_media":0,"parent":0,"menu_order":0,"comment_status":"closed","ping_status":"closed","template":"","meta":{"_joinchat":{"telephone":"608829926"},"footnotes":""},"class_list":["post-329","page","type-page","status-publish","hentry"],"_links":{"self":[{"href":"https:\/\/frp.macphone.cz\/subdom\/frp\/jak-odstranit-frp-google-ucet\/wp-json\/wp\/v2\/pages\/329","targetHints":{"allow":["GET"]}}],"collection":[{"href":"https:\/\/frp.macphone.cz\/subdom\/frp\/jak-odstranit-frp-google-ucet\/wp-json\/wp\/v2\/pages"}],"about":[{"href":"https:\/\/frp.macphone.cz\/subdom\/frp\/jak-odstranit-frp-google-ucet\/wp-json\/wp\/v2\/types\/page"}],"author":[{"embeddable":true,"href":"https:\/\/frp.macphone.cz\/subdom\/frp\/jak-odstranit-frp-google-ucet\/wp-json\/wp\/v2\/users\/1"}],"replies":[{"embeddable":true,"href":"https:\/\/frp.macphone.cz\/subdom\/frp\/jak-odstranit-frp-google-ucet\/wp-json\/wp\/v2\/comments?post=329"}],"version-history":[{"count":10,"href":"https:\/\/frp.macphone.cz\/subdom\/frp\/jak-odstranit-frp-google-ucet\/wp-json\/wp\/v2\/pages\/329\/revisions"}],"predecessor-version":[{"id":365,"href":"https:\/\/frp.macphone.cz\/subdom\/frp\/jak-odstranit-frp-google-ucet\/wp-json\/wp\/v2\/pages\/329\/revisions\/365"}],"wp:attachment":[{"href":"https:\/\/frp.macphone.cz\/subdom\/frp\/jak-odstranit-frp-google-ucet\/wp-json\/wp\/v2\/media?parent=329"}],"curies":[{"name":"wp","href":"https:\/\/api.w.org\/{rel}","templated":true}]}}