{"id":308,"date":"2024-01-30T21:55:19","date_gmt":"2024-01-30T20:55:19","guid":{"rendered":"http:\/\/frp.macphone.cz\/subdom\/frp\/jak-odstranit-frp-google-ucet\/?page_id=308"},"modified":"2024-01-30T21:56:09","modified_gmt":"2024-01-30T20:56:09","slug":"spoluprace-se-servisy","status":"publish","type":"page","link":"https:\/\/frp.macphone.cz\/subdom\/frp\/jak-odstranit-frp-google-ucet\/spoluprace-se-servisy\/","title":{"rendered":"Nab\u00eddka spolupr\u00e1ce"},"content":{"rendered":"\n<p>Nab\u00edz\u00edme spolupr\u00e1ci servis\u016fm a podnik\u016fm kter\u00e9 popt\u00e1vaj\u00ed pravideln\u00e9 odblokov\u00e1n\u00ed v\u011bt\u0161\u00edho \u010di men\u0161\u00edho mno\u017estv\u00ed mobiln\u00edch telefonu. Specializujeme se na SW opravy, odblokov\u00e1n\u00ed a z\u00e1chrany dat &#8211; jsme \u0161pi\u010dkov\u011b vybaven\u00e9 servisn\u00ed pracovi\u0161t\u011b s 25 lety zku\u0161enost\u00ed a referencemi od mnoha servis\u016f v \u010cR.<\/p>\n\n\n\n<p>P\u0159i pravideln\u00e9 spolupr\u00e1ci nab\u00edz\u00edme bezkonkuren\u010dn\u00ed ceny. Pokud popt\u00e1v\u00e1te partnera pro \u0159e\u0161en\u00ed jak\u00fdchkoliv SW probl\u00e9m\u016f Va\u0161ich z\u00e1kazn\u00edk\u016f nev\u00e1hejte n\u00e1s kontaktovat.<\/p>\n\n\n\n<div class=\"wp-block-image\"><figure class=\"aligncenter is-resized\"><img loading=\"lazy\" decoding=\"async\" src=\"http:\/\/frp.macphone.cz\/subdom\/frp\/wp-content\/uploads\/2024\/01\/image.png\" alt=\"\" class=\"wp-image-309\" width=\"290\" height=\"483\" srcset=\"https:\/\/frp.macphone.cz\/subdom\/frp\/wp-content\/uploads\/2024\/01\/image.png 325w, https:\/\/frp.macphone.cz\/subdom\/frp\/wp-content\/uploads\/2024\/01\/image-180x300.png 180w\" sizes=\"auto, (max-width: 290px) 100vw, 290px\" \/><figcaption>Odblokov\u00e1n\u00ed FRP metodou directUFS<\/figcaption><\/figure><\/div>\n\n\n\n<p><\/p>\n\n\n\n<p><br><\/p>\n","protected":false},"excerpt":{"rendered":"<p>Nab\u00edz\u00edme spolupr\u00e1ci servis\u016fm a podnik\u016fm kter\u00e9 popt\u00e1vaj\u00ed pravideln\u00e9 odblokov\u00e1n\u00ed v\u011bt\u0161\u00edho \u010di men\u0161\u00edho mno\u017estv\u00ed mobiln\u00edch telefonu. Specializujeme se na SW opravy, odblokov\u00e1n\u00ed a z\u00e1chrany dat &#8211; jsme \u0161pi\u010dkov\u011b vybaven\u00e9 servisn\u00ed pracovi\u0161t\u011b s 25 lety zku\u0161enost\u00ed a referencemi od mnoha servis\u016f v \u010cR. P\u0159i pravideln\u00e9 spolupr\u00e1ci nab\u00edz\u00edme bezkonkuren\u010dn\u00ed ceny. Pokud popt\u00e1v\u00e1te partnera pro \u0159e\u0161en\u00ed jak\u00fdchkoliv SW probl\u00e9m\u016f &hellip; <a href=\"https:\/\/frp.macphone.cz\/subdom\/frp\/jak-odstranit-frp-google-ucet\/spoluprace-se-servisy\/\" class=\"more-link\">Pokra\u010dov\u00e1n\u00ed textu <span class=\"screen-reader-text\">Nab\u00eddka spolupr\u00e1ce<\/span><\/a><\/p>\n","protected":false},"author":1,"featured_media":0,"parent":0,"menu_order":0,"comment_status":"closed","ping_status":"closed","template":"","meta":{"_joinchat":[],"footnotes":""},"class_list":["post-308","page","type-page","status-publish","hentry"],"_links":{"self":[{"href":"https:\/\/frp.macphone.cz\/subdom\/frp\/jak-odstranit-frp-google-ucet\/wp-json\/wp\/v2\/pages\/308","targetHints":{"allow":["GET"]}}],"collection":[{"href":"https:\/\/frp.macphone.cz\/subdom\/frp\/jak-odstranit-frp-google-ucet\/wp-json\/wp\/v2\/pages"}],"about":[{"href":"https:\/\/frp.macphone.cz\/subdom\/frp\/jak-odstranit-frp-google-ucet\/wp-json\/wp\/v2\/types\/page"}],"author":[{"embeddable":true,"href":"https:\/\/frp.macphone.cz\/subdom\/frp\/jak-odstranit-frp-google-ucet\/wp-json\/wp\/v2\/users\/1"}],"replies":[{"embeddable":true,"href":"https:\/\/frp.macphone.cz\/subdom\/frp\/jak-odstranit-frp-google-ucet\/wp-json\/wp\/v2\/comments?post=308"}],"version-history":[{"count":2,"href":"https:\/\/frp.macphone.cz\/subdom\/frp\/jak-odstranit-frp-google-ucet\/wp-json\/wp\/v2\/pages\/308\/revisions"}],"predecessor-version":[{"id":311,"href":"https:\/\/frp.macphone.cz\/subdom\/frp\/jak-odstranit-frp-google-ucet\/wp-json\/wp\/v2\/pages\/308\/revisions\/311"}],"wp:attachment":[{"href":"https:\/\/frp.macphone.cz\/subdom\/frp\/jak-odstranit-frp-google-ucet\/wp-json\/wp\/v2\/media?parent=308"}],"curies":[{"name":"wp","href":"https:\/\/api.w.org\/{rel}","templated":true}]}}