{"id":281,"date":"2022-01-20T23:44:05","date_gmt":"2022-01-20T22:44:05","guid":{"rendered":"http:\/\/frp.macphone.cz\/subdom\/frp\/jak-odstranit-frp-google-ucet\/?page_id=281"},"modified":"2022-01-20T23:49:13","modified_gmt":"2022-01-20T22:49:13","slug":"samsung-galaxy-s6-edge-chip-off","status":"publish","type":"page","link":"https:\/\/frp.macphone.cz\/subdom\/frp\/jak-odstranit-frp-google-ucet\/samsung-galaxy-s6-edge-chip-off\/","title":{"rendered":"Samsung Galaxy S6 edge &#8211; Chip-Off"},"content":{"rendered":"\n<p><strong>Popis probl\u00e9mu<\/strong><\/p>\n\n\n\n<p>Samsung Galaxy S6 Edge (SM-G925F) nejde zapnout. Ov\u011b\u0159eny probl\u00e9my s nap\u00e1jen\u00edm, ale bez v\u00fdsledku. Dle v\u0161eho se zd\u00e1 \u017ee je probl\u00e9m s CPU. Oprava je pro z\u00e1kazn\u00edka nerentabiln\u00ed, je v\u0161ak nutn\u00e9 zachr\u00e1nit data.<\/p>\n\n\n\n<p><strong>\u0158e\u0161en\u00ed<\/strong><\/p>\n\n\n\n<p>Z\u00e1jmov\u00fd telefon je osazen pam\u011bt\u00ed typu UFS 2.1, konkr\u00e9tn\u011b pak SAMSUNG, KLUCG8G1BD-E0B1. Typ chipu UFS BGA95. Vzhledem k tomu, \u017ee metoda ISP nep\u0159ipad\u00e1 v \u00favahu je nutn\u00e9 pam\u011b\u0165 vyp\u00e1jet a pomoc\u00ed vhodn\u00e9ho HW a SW vy\u010d\u00edst. Data budou po t\u00e9 zdek\u00f3dov\u00e1na v SW MobilEdit Forensic Express.<\/p>\n\n\n\n<div class=\"wp-block-image\"><figure class=\"aligncenter\"><a href=\"http:\/\/frp.macphone.cz\/subdom\/frp\/jak-odstranit-frp-google-ucet\/samsung-galaxy-s6-edge-chip-off\/attachment\/5\/\"><img loading=\"lazy\" decoding=\"async\" width=\"1920\" height=\"1440\" src=\"http:\/\/frp.macphone.cz\/subdom\/frp\/wp-content\/uploads\/2022\/01\/5-300x225.jpg\" alt=\"\" class=\"wp-image-282\" srcset=\"https:\/\/frp.macphone.cz\/subdom\/frp\/wp-content\/uploads\/2022\/01\/5-300x225.jpg 300w, https:\/\/frp.macphone.cz\/subdom\/frp\/wp-content\/uploads\/2022\/01\/5-768x576.jpg 768w, https:\/\/frp.macphone.cz\/subdom\/frp\/wp-content\/uploads\/2022\/01\/5-1024x768.jpg 1024w, https:\/\/frp.macphone.cz\/subdom\/frp\/wp-content\/uploads\/2022\/01\/5.jpg 1920w\" sizes=\"auto, (max-width: 1920px) 100vw, 1920px\" \/><\/a><\/figure><\/div>\n\n\n\n<div class=\"wp-block-image\"><figure class=\"aligncenter\"><a href=\"http:\/\/frp.macphone.cz\/subdom\/frp\/jak-odstranit-frp-google-ucet\/samsung-galaxy-s6-edge-chip-off\/1-2\/\"><img loading=\"lazy\" decoding=\"async\" width=\"300\" height=\"179\" src=\"http:\/\/frp.macphone.cz\/subdom\/frp\/wp-content\/uploads\/2022\/01\/1-300x179.jpg\" alt=\"\" class=\"wp-image-283\" srcset=\"https:\/\/frp.macphone.cz\/subdom\/frp\/wp-content\/uploads\/2022\/01\/1-300x179.jpg 300w, https:\/\/frp.macphone.cz\/subdom\/frp\/wp-content\/uploads\/2022\/01\/1-768x458.jpg 768w, https:\/\/frp.macphone.cz\/subdom\/frp\/wp-content\/uploads\/2022\/01\/1-1024x610.jpg 1024w, https:\/\/frp.macphone.cz\/subdom\/frp\/wp-content\/uploads\/2022\/01\/1.jpg 1920w\" sizes=\"auto, (max-width: 300px) 100vw, 300px\" \/><\/a><\/figure><\/div>\n\n\n\n<div class=\"wp-block-image\"><figure class=\"aligncenter\"><a href=\"http:\/\/frp.macphone.cz\/subdom\/frp\/jak-odstranit-frp-google-ucet\/samsung-galaxy-s6-edge-chip-off\/attachment\/4\/\"><img loading=\"lazy\" decoding=\"async\" width=\"300\" height=\"173\" src=\"http:\/\/frp.macphone.cz\/subdom\/frp\/wp-content\/uploads\/2022\/01\/4-300x173.jpg\" alt=\"\" class=\"wp-image-284\" srcset=\"https:\/\/frp.macphone.cz\/subdom\/frp\/wp-content\/uploads\/2022\/01\/4-300x173.jpg 300w, https:\/\/frp.macphone.cz\/subdom\/frp\/wp-content\/uploads\/2022\/01\/4-768x444.jpg 768w, https:\/\/frp.macphone.cz\/subdom\/frp\/wp-content\/uploads\/2022\/01\/4-1024x591.jpg 1024w, https:\/\/frp.macphone.cz\/subdom\/frp\/wp-content\/uploads\/2022\/01\/4.jpg 1920w\" sizes=\"auto, (max-width: 300px) 100vw, 300px\" \/><\/a><figcaption>POP<\/figcaption><\/figure><\/div>\n\n\n\n<div class=\"wp-block-image\"><figure class=\"aligncenter\"><a href=\"http:\/\/frp.macphone.cz\/subdom\/frp\/jak-odstranit-frp-google-ucet\/samsung-galaxy-s6-edge-chip-off\/5-2\/\"><img loading=\"lazy\" decoding=\"async\" width=\"300\" height=\"225\" src=\"http:\/\/frp.macphone.cz\/subdom\/frp\/wp-content\/uploads\/2022\/01\/5-1-300x225.jpg\" alt=\"\" class=\"wp-image-285\" srcset=\"https:\/\/frp.macphone.cz\/subdom\/frp\/wp-content\/uploads\/2022\/01\/5-1-300x225.jpg 300w, https:\/\/frp.macphone.cz\/subdom\/frp\/wp-content\/uploads\/2022\/01\/5-1-768x576.jpg 768w, https:\/\/frp.macphone.cz\/subdom\/frp\/wp-content\/uploads\/2022\/01\/5-1-1024x768.jpg 1024w, https:\/\/frp.macphone.cz\/subdom\/frp\/wp-content\/uploads\/2022\/01\/5-1.jpg 1920w\" sizes=\"auto, (max-width: 300px) 100vw, 300px\" \/><\/a><\/figure><\/div>\n\n\n\n<figure class=\"wp-block-image\"><a href=\"http:\/\/frp.macphone.cz\/subdom\/frp\/jak-odstranit-frp-google-ucet\/samsung-galaxy-s6-edge-chip-off\/2-2\/\"><img loading=\"lazy\" decoding=\"async\" width=\"1024\" height=\"784\" src=\"http:\/\/frp.macphone.cz\/subdom\/frp\/wp-content\/uploads\/2022\/01\/2-1024x784.png\" alt=\"\" class=\"wp-image-286\" srcset=\"https:\/\/frp.macphone.cz\/subdom\/frp\/wp-content\/uploads\/2022\/01\/2-1024x784.png 1024w, https:\/\/frp.macphone.cz\/subdom\/frp\/wp-content\/uploads\/2022\/01\/2-300x230.png 300w, https:\/\/frp.macphone.cz\/subdom\/frp\/wp-content\/uploads\/2022\/01\/2-768x588.png 768w, https:\/\/frp.macphone.cz\/subdom\/frp\/wp-content\/uploads\/2022\/01\/2.png 1276w\" sizes=\"auto, (max-width: 1024px) 100vw, 1024px\" \/><\/a><\/figure>\n","protected":false},"excerpt":{"rendered":"<p>Popis probl\u00e9mu Samsung Galaxy S6 Edge (SM-G925F) nejde zapnout. Ov\u011b\u0159eny probl\u00e9my s nap\u00e1jen\u00edm, ale bez v\u00fdsledku. Dle v\u0161eho se zd\u00e1 \u017ee je probl\u00e9m s CPU. Oprava je pro z\u00e1kazn\u00edka nerentabiln\u00ed, je v\u0161ak nutn\u00e9 zachr\u00e1nit data. \u0158e\u0161en\u00ed Z\u00e1jmov\u00fd telefon je osazen pam\u011bt\u00ed typu UFS 2.1, konkr\u00e9tn\u011b pak SAMSUNG, KLUCG8G1BD-E0B1. Typ chipu UFS BGA95. Vzhledem k tomu, &hellip; <a href=\"https:\/\/frp.macphone.cz\/subdom\/frp\/jak-odstranit-frp-google-ucet\/samsung-galaxy-s6-edge-chip-off\/\" class=\"more-link\">Pokra\u010dov\u00e1n\u00ed textu <span class=\"screen-reader-text\">Samsung Galaxy S6 edge &#8211; Chip-Off<\/span><\/a><\/p>\n","protected":false},"author":1,"featured_media":289,"parent":0,"menu_order":0,"comment_status":"closed","ping_status":"closed","template":"","meta":{"_joinchat":[],"footnotes":""},"class_list":["post-281","page","type-page","status-publish","has-post-thumbnail","hentry"],"_links":{"self":[{"href":"https:\/\/frp.macphone.cz\/subdom\/frp\/jak-odstranit-frp-google-ucet\/wp-json\/wp\/v2\/pages\/281","targetHints":{"allow":["GET"]}}],"collection":[{"href":"https:\/\/frp.macphone.cz\/subdom\/frp\/jak-odstranit-frp-google-ucet\/wp-json\/wp\/v2\/pages"}],"about":[{"href":"https:\/\/frp.macphone.cz\/subdom\/frp\/jak-odstranit-frp-google-ucet\/wp-json\/wp\/v2\/types\/page"}],"author":[{"embeddable":true,"href":"https:\/\/frp.macphone.cz\/subdom\/frp\/jak-odstranit-frp-google-ucet\/wp-json\/wp\/v2\/users\/1"}],"replies":[{"embeddable":true,"href":"https:\/\/frp.macphone.cz\/subdom\/frp\/jak-odstranit-frp-google-ucet\/wp-json\/wp\/v2\/comments?post=281"}],"version-history":[{"count":4,"href":"https:\/\/frp.macphone.cz\/subdom\/frp\/jak-odstranit-frp-google-ucet\/wp-json\/wp\/v2\/pages\/281\/revisions"}],"predecessor-version":[{"id":295,"href":"https:\/\/frp.macphone.cz\/subdom\/frp\/jak-odstranit-frp-google-ucet\/wp-json\/wp\/v2\/pages\/281\/revisions\/295"}],"wp:featuredmedia":[{"embeddable":true,"href":"https:\/\/frp.macphone.cz\/subdom\/frp\/jak-odstranit-frp-google-ucet\/wp-json\/wp\/v2\/media\/289"}],"wp:attachment":[{"href":"https:\/\/frp.macphone.cz\/subdom\/frp\/jak-odstranit-frp-google-ucet\/wp-json\/wp\/v2\/media?parent=281"}],"curies":[{"name":"wp","href":"https:\/\/api.w.org\/{rel}","templated":true}]}}