{"id":261,"date":"2021-09-23T23:31:03","date_gmt":"2021-09-23T21:31:03","guid":{"rendered":"http:\/\/frp.macphone.cz\/subdom\/frp\/jak-odstranit-frp-google-ucet\/?page_id=261"},"modified":"2024-01-30T21:43:37","modified_gmt":"2024-01-30T20:43:37","slug":"odblokovani-xiaomi-mi-uctu","status":"publish","type":"page","link":"https:\/\/frp.macphone.cz\/subdom\/frp\/jak-odstranit-frp-google-ucet\/odblokovani-xiaomi-mi-uctu\/","title":{"rendered":"Odblokov\u00e1n\u00ed Xiaomi MI \u00da\u010dtu"},"content":{"rendered":"\n<p>Nab\u00edz\u00edme odblokov\u00e1n\u00ed Va\u0161eho telefonu Xiaomi, kter\u00fd nen\u00ed mo\u017en\u00e9 vyu\u017e\u00edt z d\u016fvodu zapomenut\u00e9ho nebo nezn\u00e1m\u00e9ho Xiaomi Mi \u00fa\u010dtu (Mi Account). <\/p>\n\n\n\n<p>Odblokov\u00e1n\u00edm doch\u00e1z\u00ed k odstran\u011bn\u00ed z\u00e1znamu na serverech Xiaomi tud\u00ed\u017e je pak mo\u017en\u00e9 telefon vyu\u017e\u00edvat bez jak\u00fdchkoliv omezen\u00ed. V\u00fdhodou t\u00e9to operace je, \u017ee prob\u00edh\u00e1 online tud\u00ed\u017e nen\u00ed t\u0159eba telefon nikam zas\u00edlat. Telefon je odblokov\u00e1n zpravidla do 24 hodin.<\/p>\n\n\n\n<div class=\"wp-block-image\"><figure class=\"aligncenter\"><img loading=\"lazy\" decoding=\"async\" width=\"450\" height=\"450\" src=\"http:\/\/frp.macphone.cz\/subdom\/frp\/wp-content\/uploads\/2024\/01\/mi-removal-service-1-450x450.jpg\" alt=\"\" class=\"wp-image-306\" srcset=\"https:\/\/frp.macphone.cz\/subdom\/frp\/wp-content\/uploads\/2024\/01\/mi-removal-service-1-450x450.jpg 450w, https:\/\/frp.macphone.cz\/subdom\/frp\/wp-content\/uploads\/2024\/01\/mi-removal-service-1-450x450-150x150.jpg 150w, https:\/\/frp.macphone.cz\/subdom\/frp\/wp-content\/uploads\/2024\/01\/mi-removal-service-1-450x450-300x300.jpg 300w\" sizes=\"auto, (max-width: 450px) 100vw, 450px\" \/><\/figure><\/div>\n","protected":false},"excerpt":{"rendered":"<p>Nab\u00edz\u00edme odblokov\u00e1n\u00ed Va\u0161eho telefonu Xiaomi, kter\u00fd nen\u00ed mo\u017en\u00e9 vyu\u017e\u00edt z d\u016fvodu zapomenut\u00e9ho nebo nezn\u00e1m\u00e9ho Xiaomi Mi \u00fa\u010dtu (Mi Account). Odblokov\u00e1n\u00edm doch\u00e1z\u00ed k odstran\u011bn\u00ed z\u00e1znamu na serverech Xiaomi tud\u00ed\u017e je pak mo\u017en\u00e9 telefon vyu\u017e\u00edvat bez jak\u00fdchkoliv omezen\u00ed. V\u00fdhodou t\u00e9to operace je, \u017ee prob\u00edh\u00e1 online tud\u00ed\u017e nen\u00ed t\u0159eba telefon nikam zas\u00edlat. Telefon je odblokov\u00e1n zpravidla do 24 &hellip; <a href=\"https:\/\/frp.macphone.cz\/subdom\/frp\/jak-odstranit-frp-google-ucet\/odblokovani-xiaomi-mi-uctu\/\" class=\"more-link\">Pokra\u010dov\u00e1n\u00ed textu <span class=\"screen-reader-text\">Odblokov\u00e1n\u00ed Xiaomi MI \u00da\u010dtu<\/span><\/a><\/p>\n","protected":false},"author":1,"featured_media":0,"parent":0,"menu_order":0,"comment_status":"closed","ping_status":"closed","template":"","meta":{"_joinchat":[],"footnotes":""},"class_list":["post-261","page","type-page","status-publish","hentry"],"_links":{"self":[{"href":"https:\/\/frp.macphone.cz\/subdom\/frp\/jak-odstranit-frp-google-ucet\/wp-json\/wp\/v2\/pages\/261","targetHints":{"allow":["GET"]}}],"collection":[{"href":"https:\/\/frp.macphone.cz\/subdom\/frp\/jak-odstranit-frp-google-ucet\/wp-json\/wp\/v2\/pages"}],"about":[{"href":"https:\/\/frp.macphone.cz\/subdom\/frp\/jak-odstranit-frp-google-ucet\/wp-json\/wp\/v2\/types\/page"}],"author":[{"embeddable":true,"href":"https:\/\/frp.macphone.cz\/subdom\/frp\/jak-odstranit-frp-google-ucet\/wp-json\/wp\/v2\/users\/1"}],"replies":[{"embeddable":true,"href":"https:\/\/frp.macphone.cz\/subdom\/frp\/jak-odstranit-frp-google-ucet\/wp-json\/wp\/v2\/comments?post=261"}],"version-history":[{"count":4,"href":"https:\/\/frp.macphone.cz\/subdom\/frp\/jak-odstranit-frp-google-ucet\/wp-json\/wp\/v2\/pages\/261\/revisions"}],"predecessor-version":[{"id":307,"href":"https:\/\/frp.macphone.cz\/subdom\/frp\/jak-odstranit-frp-google-ucet\/wp-json\/wp\/v2\/pages\/261\/revisions\/307"}],"wp:attachment":[{"href":"https:\/\/frp.macphone.cz\/subdom\/frp\/jak-odstranit-frp-google-ucet\/wp-json\/wp\/v2\/media?parent=261"}],"curies":[{"name":"wp","href":"https:\/\/api.w.org\/{rel}","templated":true}]}}