{"id":238,"date":"2020-03-18T19:01:05","date_gmt":"2020-03-18T18:01:05","guid":{"rendered":"http:\/\/frp.macphone.cz\/subdom\/frp\/jak-odstranit-frp-google-ucet\/?page_id=238"},"modified":"2020-03-18T20:02:29","modified_gmt":"2020-03-18T19:02:29","slug":"htc-m8s-isp","status":"publish","type":"page","link":"https:\/\/frp.macphone.cz\/subdom\/frp\/jak-odstranit-frp-google-ucet\/htc-m8s-isp\/","title":{"rendered":"HTC M8s &#8211; z\u00e1chrana dat metodou ISP"},"content":{"rendered":"<h2>Popis probl\u00e9mu<\/h2>\n<p>Mobiln\u00ed telefon HTC M8s (0PKV100) &#8211; nelze zapnout. Z\u00e1kazn\u00edk po\u017eaduje z\u00e1chranu data, p\u0159edev\u0161\u00edm kontakt\u016f a nez\u00e1lohovanou komunikaci sw WhatsApp, Viber a Telegram.<\/p>\n<h2>Anal\u00fdza<\/h2>\n<p>Telefon nejde zapnout, po p\u0159ipojen\u00ed nab\u00edje\u010dky je nab\u00edjec\u00ed proud 500mA, nap\u011bt\u00ed baterie je 3,9V. Po p\u0159ipojen\u00ed k PC se telefon nep\u0159ipoj\u00ed ani v re\u017eimu Qualcomm HS-USB QDLoader 9008.<\/p>\n<h2>\u0158e\u0161en\u00ed<\/h2>\n<p>Po z\u00e1kladn\u00ed diagnostice nap\u00e1jen\u00ed lze usuzovat, \u017ee zde nebude probl\u00e9m. Telefon je osazen eMMC e-NAND pam\u011bt\u00ed SK hynix:<\/p>\n<table style=\"border-collapse: collapse; width: 100%;\" border=\"1\">\n<tbody>\n<tr>\n<td style=\"width: 23.9394%;\">V\u00fdrobce<\/td>\n<td style=\"width: 76.0606%;\">SK hynix<\/td>\n<\/tr>\n<tr>\n<td style=\"width: 23.9394%;\">\u010c\u00edslo sou\u010d\u00e1stky<\/td>\n<td style=\"width: 76.0606%;\">H9TQ17ABJTMC<\/td>\n<\/tr>\n<tr>\n<td style=\"width: 23.9394%;\">Typ<\/td>\n<td style=\"width: 76.0606%;\">16GB eNAND(x8) Flash \/ 16Gb (x32) LPDDR3<\/td>\n<\/tr>\n<tr>\n<td style=\"width: 23.9394%;\">Pouzdro<\/td>\n<td style=\"width: 76.0606%;\">221Ball FBGA Type<\/td>\n<\/tr>\n<tr>\n<td style=\"width: 23.9394%;\">Obr\u00e1zek<\/td>\n<td style=\"width: 76.0606%;\"><img loading=\"lazy\" decoding=\"async\" class=\"alignnone size-full wp-image-694474 lazyloaded\" src=\"http:\/\/datasheetcafe.databank.netdna-cdn.com\/wp-content\/uploads\/2019\/04\/H9TQ17ABJTMC-datasheet-memory.gif\" alt=\"H9TQ17ABJTMC datasheet memory\" width=\"268\" height=\"173\" data-lazy-src=\"http:\/\/datasheetcafe.databank.netdna-cdn.com\/wp-content\/uploads\/2019\/04\/H9TQ17ABJTMC-datasheet-memory.gif\" data-was-processed=\"true\" \/><\/td>\n<\/tr>\n<\/tbody>\n<\/table>\n<p>Vzhledem k tomu, \u017ee telefon je osazen chipovou sadou Qualcomm (Qualcomm MSM8939 Snapdragon 615 (28 nm)) je velmi re\u00e1ln\u00e9, \u017ee budou vyvedeny pot\u0159ebn\u00e9 piny eMMC vn\u011b pam\u011bti, tud\u00ed\u017e bude mo\u017en\u00e9 pou\u017e\u00edt metody direct eMMC &#8211; ISP. Pokud by tato metoda z jak\u00e9hokoliv d\u016fvodu selhala bude t\u0159eba prov\u00e9st metodu chip-off, p\u0159i n\u00ed\u017e dojde k vyjmut\u00ed samotn\u00e9 pam\u011bti ze z\u00e1kladn\u00ed desky telefonu.<\/p>\n<h2>Realizace \u0159e\u0161en\u00ed<\/h2>\n<p>Po nalezen\u00ed pinoutu pro metodu ISP, jsou na jednotliv\u00e9 piny naletov\u00e1ny vodi\u010de o s\u00edle 0,1mm a pomoc\u00ed vhodn\u00e9ho komunika\u010dn\u00edho rozhran\u00ed je nav\u00e1z\u00e1na komunikace se samotnou pam\u011bt\u00ed.<\/p>\n<figure id=\"attachment_239\" aria-describedby=\"caption-attachment-239\" style=\"width: 300px\" class=\"wp-caption aligncenter\"><a href=\"http:\/\/frp.macphone.cz\/subdom\/frp\/wp-content\/uploads\/2020\/02\/Zachrana_dat_HTC_M8s_1.jpg\"><img loading=\"lazy\" decoding=\"async\" class=\"size-medium wp-image-239\" src=\"http:\/\/frp.macphone.cz\/subdom\/frp\/wp-content\/uploads\/2020\/02\/Zachrana_dat_HTC_M8s_1-300x226.jpg\" alt=\"\" width=\"300\" height=\"226\" srcset=\"https:\/\/frp.macphone.cz\/subdom\/frp\/wp-content\/uploads\/2020\/02\/Zachrana_dat_HTC_M8s_1-300x226.jpg 300w, https:\/\/frp.macphone.cz\/subdom\/frp\/wp-content\/uploads\/2020\/02\/Zachrana_dat_HTC_M8s_1-768x579.jpg 768w, https:\/\/frp.macphone.cz\/subdom\/frp\/wp-content\/uploads\/2020\/02\/Zachrana_dat_HTC_M8s_1-1024x773.jpg 1024w\" sizes=\"auto, (max-width: 300px) 100vw, 300px\" \/><\/a><figcaption id=\"caption-attachment-239\" class=\"wp-caption-text\">HTC M8s z\u00e1chrana dat metodou ISP<\/figcaption><\/figure>\n<figure id=\"attachment_240\" aria-describedby=\"caption-attachment-240\" style=\"width: 169px\" class=\"wp-caption aligncenter\"><a href=\"http:\/\/frp.macphone.cz\/subdom\/frp\/wp-content\/uploads\/2020\/02\/Zachrana_dat_HTC_M8s_2.jpg\"><img loading=\"lazy\" decoding=\"async\" class=\"size-medium wp-image-240\" src=\"http:\/\/frp.macphone.cz\/subdom\/frp\/wp-content\/uploads\/2020\/02\/Zachrana_dat_HTC_M8s_2-169x300.jpg\" alt=\"Z\u00edsk\u00e1n\u00ed dat z mrtv\u00e9ho telefonu\" width=\"169\" height=\"300\" srcset=\"https:\/\/frp.macphone.cz\/subdom\/frp\/wp-content\/uploads\/2020\/02\/Zachrana_dat_HTC_M8s_2-169x300.jpg 169w, https:\/\/frp.macphone.cz\/subdom\/frp\/wp-content\/uploads\/2020\/02\/Zachrana_dat_HTC_M8s_2-768x1365.jpg 768w, https:\/\/frp.macphone.cz\/subdom\/frp\/wp-content\/uploads\/2020\/02\/Zachrana_dat_HTC_M8s_2-576x1024.jpg 576w\" sizes=\"auto, (max-width: 169px) 100vw, 169px\" \/><\/a><figcaption id=\"caption-attachment-240\" class=\"wp-caption-text\">HTC M8s z\u00e1chrana dat metodou ISP<\/figcaption><\/figure>\n<p>Z logu komunikace se dozv\u00edd\u00e1me \u017ee \u017eivotnost pam\u011bti se bl\u00ed\u017e\u00ed ke konci. Dle dokumentace SK Hynix &#8211; v\u00fdrobce pam\u011b\u0165ov\u00e9ho chipu &#8211; pam\u011b\u0165 je typu B &#8211; MLC &#8211; Cell Health Status dos\u00e1hl t\u00e9m\u011b\u0159 sv\u00e9ho maxima. To znamen\u00e1 \u017ee za\u0159\u00edzen\u00ed spot\u0159ebovalo v\u0161echny z\u00e1lo\u017en\u00ed pam\u011b\u0165ov\u00e9 bu\u0148ky ur\u010den\u00e9 pro realokaci vadn\u00fdch pam\u011b\u0165ov\u00fdch blok\u016f.<\/p>\n<p><a href=\"http:\/\/frp.macphone.cz\/subdom\/frp\/wp-content\/uploads\/2020\/02\/Zachrana_dat_HTC_M8s_4.png\"><img loading=\"lazy\" decoding=\"async\" class=\"size-medium wp-image-242 alignleft\" src=\"http:\/\/frp.macphone.cz\/subdom\/frp\/wp-content\/uploads\/2020\/02\/Zachrana_dat_HTC_M8s_4-300x210.png\" alt=\"\" width=\"300\" height=\"210\" srcset=\"https:\/\/frp.macphone.cz\/subdom\/frp\/wp-content\/uploads\/2020\/02\/Zachrana_dat_HTC_M8s_4-300x210.png 300w, https:\/\/frp.macphone.cz\/subdom\/frp\/wp-content\/uploads\/2020\/02\/Zachrana_dat_HTC_M8s_4-768x537.png 768w, https:\/\/frp.macphone.cz\/subdom\/frp\/wp-content\/uploads\/2020\/02\/Zachrana_dat_HTC_M8s_4-1024x716.png 1024w, https:\/\/frp.macphone.cz\/subdom\/frp\/wp-content\/uploads\/2020\/02\/Zachrana_dat_HTC_M8s_4.png 1304w\" sizes=\"auto, (max-width: 300px) 100vw, 300px\" \/><\/a> <a href=\"http:\/\/frp.macphone.cz\/subdom\/frp\/wp-content\/uploads\/2020\/02\/Zachrana_dat_HTC_M8s_3.png\"><img loading=\"lazy\" decoding=\"async\" class=\"alignleft size-medium wp-image-241\" src=\"http:\/\/frp.macphone.cz\/subdom\/frp\/wp-content\/uploads\/2020\/02\/Zachrana_dat_HTC_M8s_3-264x300.png\" alt=\"\" width=\"264\" height=\"300\" srcset=\"https:\/\/frp.macphone.cz\/subdom\/frp\/wp-content\/uploads\/2020\/02\/Zachrana_dat_HTC_M8s_3-264x300.png 264w, https:\/\/frp.macphone.cz\/subdom\/frp\/wp-content\/uploads\/2020\/02\/Zachrana_dat_HTC_M8s_3-768x874.png 768w, https:\/\/frp.macphone.cz\/subdom\/frp\/wp-content\/uploads\/2020\/02\/Zachrana_dat_HTC_M8s_3.png 835w\" sizes=\"auto, (max-width: 264px) 100vw, 264px\" \/><\/a><\/p>\n<p>P\u0159ilo\u017een\u00e9 v\u00fdpisy dokazuj\u00ed, \u017ee komunikace s pam\u011bt\u00ed je bez probl\u00e9m\u016f, proto je mo\u017en\u00e9 ji vy\u010d\u00edst a z\u00edskat tak kompletn\u00ed dump eMMC pam\u011bti. Velikost dumpu je 16Gb.<\/p>\n<h2>Dek\u00f3dov\u00e1n\u00ed dat<\/h2>\n<p>Z\u00edskan\u00fd dump je t\u0159eba zdek\u00f3dovat a z\u00edskat pak z\u00e1jmov\u00e1 data. Ke zdek\u00f3dov\u00e1n\u00ed pou\u017e\u00edv\u00e1me profesion\u00e1ln\u00ed n\u00e1stroj na forenzn\u00ed anal\u00fdzu mobiln\u00edch termin\u00e1l\u016f MobilEdit Forensic Express Pro. Tento SW dok\u00e1\u017ee z p\u0159edlo\u017een\u00e9ho extrahovat ve\u0161ker\u00e1 data.<\/p>\n<p>Z\u00e1kazn\u00edkovi je pak mo\u017en\u00e9 p\u0159edlo\u017eit extrahovan\u00e1 dat strukturovan\u00e1 ve form\u00e1tech, html, pdf, xlsx&#8230;<\/p>\n","protected":false},"excerpt":{"rendered":"<p>Popis probl\u00e9mu Mobiln\u00ed telefon HTC M8s (0PKV100) &#8211; nelze zapnout. Z\u00e1kazn\u00edk po\u017eaduje z\u00e1chranu data, p\u0159edev\u0161\u00edm kontakt\u016f a nez\u00e1lohovanou komunikaci sw WhatsApp, Viber a Telegram. Anal\u00fdza Telefon nejde zapnout, po p\u0159ipojen\u00ed nab\u00edje\u010dky je nab\u00edjec\u00ed proud 500mA, nap\u011bt\u00ed baterie je 3,9V. Po p\u0159ipojen\u00ed k PC se telefon nep\u0159ipoj\u00ed ani v re\u017eimu Qualcomm HS-USB QDLoader 9008. \u0158e\u0161en\u00ed Po &hellip; <a href=\"https:\/\/frp.macphone.cz\/subdom\/frp\/jak-odstranit-frp-google-ucet\/htc-m8s-isp\/\" class=\"more-link\">Pokra\u010dov\u00e1n\u00ed textu <span class=\"screen-reader-text\">HTC M8s &#8211; z\u00e1chrana dat metodou ISP<\/span><\/a><\/p>\n","protected":false},"author":1,"featured_media":0,"parent":0,"menu_order":0,"comment_status":"closed","ping_status":"closed","template":"","meta":{"_joinchat":[],"footnotes":""},"class_list":["post-238","page","type-page","status-publish","hentry"],"_links":{"self":[{"href":"https:\/\/frp.macphone.cz\/subdom\/frp\/jak-odstranit-frp-google-ucet\/wp-json\/wp\/v2\/pages\/238","targetHints":{"allow":["GET"]}}],"collection":[{"href":"https:\/\/frp.macphone.cz\/subdom\/frp\/jak-odstranit-frp-google-ucet\/wp-json\/wp\/v2\/pages"}],"about":[{"href":"https:\/\/frp.macphone.cz\/subdom\/frp\/jak-odstranit-frp-google-ucet\/wp-json\/wp\/v2\/types\/page"}],"author":[{"embeddable":true,"href":"https:\/\/frp.macphone.cz\/subdom\/frp\/jak-odstranit-frp-google-ucet\/wp-json\/wp\/v2\/users\/1"}],"replies":[{"embeddable":true,"href":"https:\/\/frp.macphone.cz\/subdom\/frp\/jak-odstranit-frp-google-ucet\/wp-json\/wp\/v2\/comments?post=238"}],"version-history":[{"count":6,"href":"https:\/\/frp.macphone.cz\/subdom\/frp\/jak-odstranit-frp-google-ucet\/wp-json\/wp\/v2\/pages\/238\/revisions"}],"predecessor-version":[{"id":254,"href":"https:\/\/frp.macphone.cz\/subdom\/frp\/jak-odstranit-frp-google-ucet\/wp-json\/wp\/v2\/pages\/238\/revisions\/254"}],"wp:attachment":[{"href":"https:\/\/frp.macphone.cz\/subdom\/frp\/jak-odstranit-frp-google-ucet\/wp-json\/wp\/v2\/media?parent=238"}],"curies":[{"name":"wp","href":"https:\/\/api.w.org\/{rel}","templated":true}]}}