{"id":215,"date":"2019-07-14T12:19:16","date_gmt":"2019-07-14T10:19:16","guid":{"rendered":"http:\/\/frp.macphone.cz\/subdom\/frp\/jak-odstranit-frp-google-ucet\/?page_id=215"},"modified":"2019-07-14T12:28:35","modified_gmt":"2019-07-14T10:28:35","slug":"prubeh-odblokovani","status":"publish","type":"page","link":"https:\/\/frp.macphone.cz\/subdom\/frp\/jak-odstranit-frp-google-ucet\/prubeh-odblokovani\/","title":{"rendered":"Pr\u016fb\u011bh odblokov\u00e1n\u00ed"},"content":{"rendered":"<p><a href=\"http:\/\/frp.macphone.cz\/subdom\/frp\/wp-content\/uploads\/2019\/07\/blur-close-up-data-544900.jpg\"><img loading=\"lazy\" decoding=\"async\" class=\"alignleft size-medium wp-image-217\" src=\"http:\/\/frp.macphone.cz\/subdom\/frp\/wp-content\/uploads\/2019\/07\/blur-close-up-data-544900-300x219.jpg\" alt=\"\" width=\"300\" height=\"219\" srcset=\"https:\/\/frp.macphone.cz\/subdom\/frp\/wp-content\/uploads\/2019\/07\/blur-close-up-data-544900-300x219.jpg 300w, https:\/\/frp.macphone.cz\/subdom\/frp\/wp-content\/uploads\/2019\/07\/blur-close-up-data-544900-768x560.jpg 768w, https:\/\/frp.macphone.cz\/subdom\/frp\/wp-content\/uploads\/2019\/07\/blur-close-up-data-544900-1024x747.jpg 1024w\" sizes=\"auto, (max-width: 300px) 100vw, 300px\" \/><\/a>Pokud jste z Prahy, tak je samoz\u0159ejm\u011b mo\u017en\u00e9 se bez probl\u00e9m\u016f domluvit na osobn\u00edm p\u0159ed\u00e1n\u00ed a to jak p\u0159es mail jakub.kriz@macphone.cz nebo na tel.: 608829926 (SMS, WhatsApp)<\/p>\n<p>Pokud nejste z Prahy, tak pak je mo\u017en\u00e9 vyu\u017e\u00edt slu\u017eeb jak\u00e9koliv p\u0159epravn\u00ed spole\u010dnosti (\u010cesk\u00e1 po\u0161ta, PPL, DPD a dal\u0161\u00ed) nicm\u00e9n\u011b jako nejjednodu\u0161\u0161\u00ed a finan\u010dn\u011b nejp\u0159\u00edv\u011btiv\u011bj\u0161\u00ed se n\u00e1m osv\u011bd\u010dila slu\u017eba <a href=\"https:\/\/www.zasilkovna.cz\/mezi-nami\/\">Mezi N\u00e1mi spole\u010dnosti Z\u00e1silkovna<\/a>.<\/p>\n<p>Praxe je pak takov\u00e1, \u017ee Vy n\u00e1m telefon za\u0161lete, my jej odblokujeme a zas\u00edl\u00e1me V\u00e1m jej zp\u011bt prost\u0159ednictv\u00edm slu\u017eby dle Va\u0161eho v\u00fdb\u011bru. Vy si telefon vyzkou\u0161\u00edte a jste-li spokojeni, za\u0161lete n\u00e1m na \u00fa\u010det p\u0159edem domluvenou \u010d\u00e1stku + n\u00e1klady na dopravu.<\/p>\n","protected":false},"excerpt":{"rendered":"<p>Pokud jste z Prahy, tak je samoz\u0159ejm\u011b mo\u017en\u00e9 se bez probl\u00e9m\u016f domluvit na osobn\u00edm p\u0159ed\u00e1n\u00ed a to jak p\u0159es mail jakub.kriz@macphone.cz nebo na tel.: 608829926 (SMS, WhatsApp) Pokud nejste z Prahy, tak pak je mo\u017en\u00e9 vyu\u017e\u00edt slu\u017eeb jak\u00e9koliv p\u0159epravn\u00ed spole\u010dnosti (\u010cesk\u00e1 po\u0161ta, PPL, DPD a dal\u0161\u00ed) nicm\u00e9n\u011b jako nejjednodu\u0161\u0161\u00ed a finan\u010dn\u011b nejp\u0159\u00edv\u011btiv\u011bj\u0161\u00ed se n\u00e1m osv\u011bd\u010dila &hellip; <a href=\"https:\/\/frp.macphone.cz\/subdom\/frp\/jak-odstranit-frp-google-ucet\/prubeh-odblokovani\/\" class=\"more-link\">Pokra\u010dov\u00e1n\u00ed textu <span class=\"screen-reader-text\">Pr\u016fb\u011bh odblokov\u00e1n\u00ed<\/span><\/a><\/p>\n","protected":false},"author":1,"featured_media":0,"parent":0,"menu_order":0,"comment_status":"closed","ping_status":"closed","template":"","meta":{"_joinchat":[],"footnotes":""},"class_list":["post-215","page","type-page","status-publish","hentry"],"_links":{"self":[{"href":"https:\/\/frp.macphone.cz\/subdom\/frp\/jak-odstranit-frp-google-ucet\/wp-json\/wp\/v2\/pages\/215","targetHints":{"allow":["GET"]}}],"collection":[{"href":"https:\/\/frp.macphone.cz\/subdom\/frp\/jak-odstranit-frp-google-ucet\/wp-json\/wp\/v2\/pages"}],"about":[{"href":"https:\/\/frp.macphone.cz\/subdom\/frp\/jak-odstranit-frp-google-ucet\/wp-json\/wp\/v2\/types\/page"}],"author":[{"embeddable":true,"href":"https:\/\/frp.macphone.cz\/subdom\/frp\/jak-odstranit-frp-google-ucet\/wp-json\/wp\/v2\/users\/1"}],"replies":[{"embeddable":true,"href":"https:\/\/frp.macphone.cz\/subdom\/frp\/jak-odstranit-frp-google-ucet\/wp-json\/wp\/v2\/comments?post=215"}],"version-history":[{"count":2,"href":"https:\/\/frp.macphone.cz\/subdom\/frp\/jak-odstranit-frp-google-ucet\/wp-json\/wp\/v2\/pages\/215\/revisions"}],"predecessor-version":[{"id":218,"href":"https:\/\/frp.macphone.cz\/subdom\/frp\/jak-odstranit-frp-google-ucet\/wp-json\/wp\/v2\/pages\/215\/revisions\/218"}],"wp:attachment":[{"href":"https:\/\/frp.macphone.cz\/subdom\/frp\/jak-odstranit-frp-google-ucet\/wp-json\/wp\/v2\/media?parent=215"}],"curies":[{"name":"wp","href":"https:\/\/api.w.org\/{rel}","templated":true}]}}