{"id":205,"date":"2019-07-07T16:20:56","date_gmt":"2019-07-07T14:20:56","guid":{"rendered":"http:\/\/frp.macphone.cz\/subdom\/frp\/jak-odstranit-frp-google-ucet\/?page_id=205"},"modified":"2024-10-06T23:36:28","modified_gmt":"2024-10-06T21:36:28","slug":"zachrana-dat-z-mobilnich-telefonu","status":"publish","type":"page","link":"https:\/\/frp.macphone.cz\/subdom\/frp\/jak-odstranit-frp-google-ucet\/zachrana-dat-z-mobilnich-telefonu\/","title":{"rendered":"Z\u00e1chrana dat z mobiln\u00edch telefon\u016f"},"content":{"rendered":"<p><a href=\"http:\/\/frp.macphone.cz\/subdom\/frp\/wp-content\/uploads\/2019\/07\/code-codes-coding-207580.jpg\"><img loading=\"lazy\" decoding=\"async\" class=\" wp-image-210 alignright\" src=\"http:\/\/frp.macphone.cz\/subdom\/frp\/wp-content\/uploads\/2019\/07\/code-codes-coding-207580-300x225.jpg\" alt=\"\" width=\"369\" height=\"277\" srcset=\"https:\/\/frp.macphone.cz\/subdom\/frp\/wp-content\/uploads\/2019\/07\/code-codes-coding-207580-300x225.jpg 300w, https:\/\/frp.macphone.cz\/subdom\/frp\/wp-content\/uploads\/2019\/07\/code-codes-coding-207580-768x576.jpg 768w, https:\/\/frp.macphone.cz\/subdom\/frp\/wp-content\/uploads\/2019\/07\/code-codes-coding-207580-1024x768.jpg 1024w\" sizes=\"auto, (max-width: 369px) 100vw, 369px\" \/><\/a>Mnoho let se zab\u00fdv\u00e1me <strong>z\u00e1chranou dat z mobiln\u00edch telefon\u016f<\/strong>. Nab\u00edz\u00edme na\u0161im z\u00e1kazn\u00edk\u016fm z\u00edsk\u00e1n\u00ed dat z neza\u0161ifrovan\u00fdch \u00falo\u017ei\u0161\u0165 mobiln\u00edch termin\u00e1l\u016f, \u010di prolomen\u00ed zabezpe\u010den\u00ed za \u00fa\u010delem z\u00edsk\u00e1n\u00ed u\u017eivatelsk\u00fdch dat.<\/p>\n<p>D\u00edky \u0161pi\u010dkov\u00e9mu vybaven\u00ed a dlouholet\u00fdm zku\u0161enostem jsme schopni z\u00edskat a dek\u00f3dovat data p\u0159\u00edmo z pam\u011b\u0165ov\u00fdch \u010dip\u016f, kter\u00e9 dok\u00e1\u017eeme \u0161etrn\u011b odp\u00e1jet nebo mechanicky vyjmout ze z\u00e1kladn\u00ed desky.<\/p>\n<p>Preferujeme pou\u017eit\u00ed metody <strong>ISP (In-System Programming)<\/strong>, zn\u00e1m\u00fd tak\u00e9 pod n\u00e1zvem <strong>directEMMc<\/strong>, \u010di zastaralej\u0161\u00ed metodu <strong>JTAG<\/strong>.<\/p>\n<p>Pro dek\u00f3dov\u00e1n\u00ed vyu\u017e\u00edv\u00e1me profesion\u00e1ln\u00ed n\u00e1stroj <strong>MOBILEdit Forensic Express Pro<\/strong>.<\/p>\n<p>Samoz\u0159ejmost\u00ed je v p\u0159\u00edpad\u011b&nbsp; nutnosti vyhotoven\u00ed znaleck\u00e9ho posudku.<\/p>\n<p>&nbsp;<\/p>\n","protected":false},"excerpt":{"rendered":"<p>Mnoho let se zab\u00fdv\u00e1me z\u00e1chranou dat z mobiln\u00edch telefon\u016f. Nab\u00edz\u00edme na\u0161im z\u00e1kazn\u00edk\u016fm z\u00edsk\u00e1n\u00ed dat z neza\u0161ifrovan\u00fdch \u00falo\u017ei\u0161\u0165 mobiln\u00edch termin\u00e1l\u016f, \u010di prolomen\u00ed zabezpe\u010den\u00ed za \u00fa\u010delem z\u00edsk\u00e1n\u00ed u\u017eivatelsk\u00fdch dat. D\u00edky \u0161pi\u010dkov\u00e9mu vybaven\u00ed a dlouholet\u00fdm zku\u0161enostem jsme schopni z\u00edskat a dek\u00f3dovat data p\u0159\u00edmo z pam\u011b\u0165ov\u00fdch \u010dip\u016f, kter\u00e9 dok\u00e1\u017eeme \u0161etrn\u011b odp\u00e1jet nebo mechanicky vyjmout ze z\u00e1kladn\u00ed desky. Preferujeme pou\u017eit\u00ed &hellip; <a href=\"https:\/\/frp.macphone.cz\/subdom\/frp\/jak-odstranit-frp-google-ucet\/zachrana-dat-z-mobilnich-telefonu\/\" class=\"more-link\">Pokra\u010dov\u00e1n\u00ed textu <span class=\"screen-reader-text\">Z\u00e1chrana dat z mobiln\u00edch telefon\u016f<\/span><\/a><\/p>\n","protected":false},"author":1,"featured_media":0,"parent":0,"menu_order":0,"comment_status":"closed","ping_status":"closed","template":"","meta":{"_joinchat":[],"footnotes":""},"class_list":["post-205","page","type-page","status-publish","hentry"],"_links":{"self":[{"href":"https:\/\/frp.macphone.cz\/subdom\/frp\/jak-odstranit-frp-google-ucet\/wp-json\/wp\/v2\/pages\/205","targetHints":{"allow":["GET"]}}],"collection":[{"href":"https:\/\/frp.macphone.cz\/subdom\/frp\/jak-odstranit-frp-google-ucet\/wp-json\/wp\/v2\/pages"}],"about":[{"href":"https:\/\/frp.macphone.cz\/subdom\/frp\/jak-odstranit-frp-google-ucet\/wp-json\/wp\/v2\/types\/page"}],"author":[{"embeddable":true,"href":"https:\/\/frp.macphone.cz\/subdom\/frp\/jak-odstranit-frp-google-ucet\/wp-json\/wp\/v2\/users\/1"}],"replies":[{"embeddable":true,"href":"https:\/\/frp.macphone.cz\/subdom\/frp\/jak-odstranit-frp-google-ucet\/wp-json\/wp\/v2\/comments?post=205"}],"version-history":[{"count":8,"href":"https:\/\/frp.macphone.cz\/subdom\/frp\/jak-odstranit-frp-google-ucet\/wp-json\/wp\/v2\/pages\/205\/revisions"}],"predecessor-version":[{"id":323,"href":"https:\/\/frp.macphone.cz\/subdom\/frp\/jak-odstranit-frp-google-ucet\/wp-json\/wp\/v2\/pages\/205\/revisions\/323"}],"wp:attachment":[{"href":"https:\/\/frp.macphone.cz\/subdom\/frp\/jak-odstranit-frp-google-ucet\/wp-json\/wp\/v2\/media?parent=205"}],"curies":[{"name":"wp","href":"https:\/\/api.w.org\/{rel}","templated":true}]}}