{"id":190,"date":"2019-01-07T00:26:56","date_gmt":"2019-01-06T23:26:56","guid":{"rendered":"http:\/\/frp.macphone.cz\/subdom\/frp\/jak-odstranit-frp-google-ucet\/?page_id=190"},"modified":"2019-01-07T00:26:56","modified_gmt":"2019-01-06T23:26:56","slug":"frp-cashback","status":"publish","type":"page","link":"https:\/\/frp.macphone.cz\/subdom\/frp\/jak-odstranit-frp-google-ucet\/frp-cashback\/","title":{"rendered":"FRP cashback"},"content":{"rendered":"<p style=\"text-align: center;\"><span style=\"font-size: 24pt;\"><strong>Pokud nedok\u00e1\u017eeme odblokovat do 14 dn\u016f FRP na Va\u0161em telefonu, d\u00e1me V\u00e1m <span style=\"text-decoration: underline; color: #ff0000;\">500K\u010d<\/span> zp\u011bt s Va\u0161\u00edm neodblokovan\u00fdm p\u0159\u00edstrojem.<\/strong><\/span><\/p>\n","protected":false},"excerpt":{"rendered":"<p>Pokud nedok\u00e1\u017eeme odblokovat do 14 dn\u016f FRP na Va\u0161em telefonu, d\u00e1me V\u00e1m 500K\u010d zp\u011bt s Va\u0161\u00edm neodblokovan\u00fdm p\u0159\u00edstrojem.<\/p>\n","protected":false},"author":1,"featured_media":0,"parent":0,"menu_order":0,"comment_status":"closed","ping_status":"closed","template":"","meta":{"_joinchat":[],"footnotes":""},"class_list":["post-190","page","type-page","status-publish","hentry"],"_links":{"self":[{"href":"https:\/\/frp.macphone.cz\/subdom\/frp\/jak-odstranit-frp-google-ucet\/wp-json\/wp\/v2\/pages\/190","targetHints":{"allow":["GET"]}}],"collection":[{"href":"https:\/\/frp.macphone.cz\/subdom\/frp\/jak-odstranit-frp-google-ucet\/wp-json\/wp\/v2\/pages"}],"about":[{"href":"https:\/\/frp.macphone.cz\/subdom\/frp\/jak-odstranit-frp-google-ucet\/wp-json\/wp\/v2\/types\/page"}],"author":[{"embeddable":true,"href":"https:\/\/frp.macphone.cz\/subdom\/frp\/jak-odstranit-frp-google-ucet\/wp-json\/wp\/v2\/users\/1"}],"replies":[{"embeddable":true,"href":"https:\/\/frp.macphone.cz\/subdom\/frp\/jak-odstranit-frp-google-ucet\/wp-json\/wp\/v2\/comments?post=190"}],"version-history":[{"count":1,"href":"https:\/\/frp.macphone.cz\/subdom\/frp\/jak-odstranit-frp-google-ucet\/wp-json\/wp\/v2\/pages\/190\/revisions"}],"predecessor-version":[{"id":191,"href":"https:\/\/frp.macphone.cz\/subdom\/frp\/jak-odstranit-frp-google-ucet\/wp-json\/wp\/v2\/pages\/190\/revisions\/191"}],"wp:attachment":[{"href":"https:\/\/frp.macphone.cz\/subdom\/frp\/jak-odstranit-frp-google-ucet\/wp-json\/wp\/v2\/media?parent=190"}],"curies":[{"name":"wp","href":"https:\/\/api.w.org\/{rel}","templated":true}]}}