{"id":147,"date":"2018-11-25T18:51:10","date_gmt":"2018-11-25T17:51:10","guid":{"rendered":"http:\/\/frp.macphone.cz\/subdom\/frp\/jak-odstranit-frp-google-ucet\/?page_id=147"},"modified":"2021-09-26T22:44:53","modified_gmt":"2021-09-26T20:44:53","slug":"frp-na-telefonech-huawei-a-honor","status":"publish","type":"page","link":"https:\/\/frp.macphone.cz\/subdom\/frp\/jak-odstranit-frp-google-ucet\/frp-na-telefonech-huawei-a-honor\/","title":{"rendered":"FRP &#8211; Huawei a Honor"},"content":{"rendered":"<p>Posledn\u00ed dobou se setk\u00e1v\u00e1me s t\u00edm, \u017ee konkuren\u010dn\u00ed servisy vrac\u00ed sv\u00fdm z\u00e1kazn\u00edk\u016fm telefony Huawei a Honor s t\u00edm, \u017ee u nich nelze odstranit FRP, proto\u017ee je v telefonu nov\u011bj\u0161\u00ed verze zabezpe\u010den\u00ed. Toto zabezpe\u010den\u00ed znemo\u017e\u0148uje vyu\u017e\u00edt slabinu Talkback &#8211; tzv. FRP Bypass Vulnerability by Talkback (<a href=\"https:\/\/www.huawei.com\/en\/psirt\/security-advisories\/huawei-sa-20171018-01-frpbypass-en\">viz. v\u00edce zde<\/a>).<a href=\"http:\/\/frp.macphone.cz\/subdom\/frp\/wp-content\/uploads\/2018\/11\/talk-back-1.jpg\"><img loading=\"lazy\" decoding=\"async\" class=\"aligncenter wp-image-148\" src=\"http:\/\/frp.macphone.cz\/subdom\/frp\/wp-content\/uploads\/2018\/11\/talk-back-1-300x110.jpg\" alt=\"\" width=\"600\" height=\"220\" srcset=\"https:\/\/frp.macphone.cz\/subdom\/frp\/wp-content\/uploads\/2018\/11\/talk-back-1-300x110.jpg 300w, https:\/\/frp.macphone.cz\/subdom\/frp\/wp-content\/uploads\/2018\/11\/talk-back-1.jpg 560w\" sizes=\"auto, (max-width: 600px) 100vw, 600px\" \/><\/a><\/p>\n<p>Podstatou t\u00e9to slabiny, je \u017ee u\u017eivatel se prost\u0159ednictv\u00edm funkce Talback dostane do menu telefonu a provede factory reset p\u0159\u00edmo z menu, \u010d\u00edm\u017e dojde k\u00a0 deaktivaci FRP. V podstat\u011b ke ka\u017ed\u00e9mu telefonu Huawei \u010di Honor lze nal\u00e9zt na youtube video jak tuto slabinu vyu\u017e\u00edt.<\/p>\n<p>Z na\u0161\u00ed zku\u0161enosti v\u00edme, \u017ee mnoho servis\u016f tuto slabinu vyu\u017e\u00edvalo p\u0159i odblokov\u00e1n\u00ed FRP pro svoje z\u00e1kazn\u00edky, co\u017e pova\u017eujeme za vysoce neprofesion\u00e1ln\u00ed. Nepla\u0165te pros\u00edm t\u011bm, kte\u0159\u00ed nejsou profesion\u00e1ly za n\u011bco co si doma m\u016f\u017eete ud\u011blat samy a zdarma.<\/p>\n<p>My na\u0161im z\u00e1kazn\u00edk\u016fm prov\u00e1d\u00edme odblokov\u00e1n\u00ed FRP na v\u0161ech telefonech, nejen Huawei \u010di Honor, profesion\u00e1ln\u00edmi n\u00e1stroji. Pravda je, \u017ee jejich po\u0159izovac\u00ed cena je pom\u011brn\u011b vysok\u00e1, ale zaru\u010duje n\u00e1m, \u017ee v\u017edy odvedeme dobrou pr\u00e1ci.<\/p>\n<table style=\"border-collapse: collapse; width: 100%;\" border=\"1\">\n<tbody>\n<tr>\n<td style=\"width: 100%;\"><span style=\"color: #ff0000;\"><strong>Cena odstran\u011bn\u00ed FRP na telefonech Huawei nebo Honor je max. 500K\u010d pokud n\u00e1m jej doru\u010d\u00edte. V p\u0159\u00edpad\u011b odblokov\u00e1n\u00ed na d\u00e1lku je cena 700K\u010d.<br \/>\n<\/strong><\/span><\/td>\n<\/tr>\n<\/tbody>\n<\/table>\n","protected":false},"excerpt":{"rendered":"<p>Posledn\u00ed dobou se setk\u00e1v\u00e1me s t\u00edm, \u017ee konkuren\u010dn\u00ed servisy vrac\u00ed sv\u00fdm z\u00e1kazn\u00edk\u016fm telefony Huawei a Honor s t\u00edm, \u017ee u nich nelze odstranit FRP, proto\u017ee je v telefonu nov\u011bj\u0161\u00ed verze zabezpe\u010den\u00ed. Toto zabezpe\u010den\u00ed znemo\u017e\u0148uje vyu\u017e\u00edt slabinu Talkback &#8211; tzv. FRP Bypass Vulnerability by Talkback (viz. v\u00edce zde). Podstatou t\u00e9to slabiny, je \u017ee u\u017eivatel se prost\u0159ednictv\u00edm &hellip; <a href=\"https:\/\/frp.macphone.cz\/subdom\/frp\/jak-odstranit-frp-google-ucet\/frp-na-telefonech-huawei-a-honor\/\" class=\"more-link\">Pokra\u010dov\u00e1n\u00ed textu <span class=\"screen-reader-text\">FRP &#8211; Huawei a Honor<\/span><\/a><\/p>\n","protected":false},"author":1,"featured_media":0,"parent":0,"menu_order":0,"comment_status":"closed","ping_status":"closed","template":"","meta":{"_joinchat":[],"footnotes":""},"class_list":["post-147","page","type-page","status-publish","hentry"],"_links":{"self":[{"href":"https:\/\/frp.macphone.cz\/subdom\/frp\/jak-odstranit-frp-google-ucet\/wp-json\/wp\/v2\/pages\/147","targetHints":{"allow":["GET"]}}],"collection":[{"href":"https:\/\/frp.macphone.cz\/subdom\/frp\/jak-odstranit-frp-google-ucet\/wp-json\/wp\/v2\/pages"}],"about":[{"href":"https:\/\/frp.macphone.cz\/subdom\/frp\/jak-odstranit-frp-google-ucet\/wp-json\/wp\/v2\/types\/page"}],"author":[{"embeddable":true,"href":"https:\/\/frp.macphone.cz\/subdom\/frp\/jak-odstranit-frp-google-ucet\/wp-json\/wp\/v2\/users\/1"}],"replies":[{"embeddable":true,"href":"https:\/\/frp.macphone.cz\/subdom\/frp\/jak-odstranit-frp-google-ucet\/wp-json\/wp\/v2\/comments?post=147"}],"version-history":[{"count":8,"href":"https:\/\/frp.macphone.cz\/subdom\/frp\/jak-odstranit-frp-google-ucet\/wp-json\/wp\/v2\/pages\/147\/revisions"}],"predecessor-version":[{"id":279,"href":"https:\/\/frp.macphone.cz\/subdom\/frp\/jak-odstranit-frp-google-ucet\/wp-json\/wp\/v2\/pages\/147\/revisions\/279"}],"wp:attachment":[{"href":"https:\/\/frp.macphone.cz\/subdom\/frp\/jak-odstranit-frp-google-ucet\/wp-json\/wp\/v2\/media?parent=147"}],"curies":[{"name":"wp","href":"https:\/\/api.w.org\/{rel}","templated":true}]}}