{"id":10,"date":"2018-10-22T00:22:04","date_gmt":"2018-10-21T22:22:04","guid":{"rendered":"http:\/\/frp.macphone.cz\/subdom\/frp\/?page_id=10"},"modified":"2025-10-15T23:16:41","modified_gmt":"2025-10-15T21:16:41","slug":"kontakt","status":"publish","type":"page","link":"https:\/\/frp.macphone.cz\/subdom\/frp\/jak-odstranit-frp-google-ucet\/kontakt\/","title":{"rendered":"Kontakt"},"content":{"rendered":"<p><strong>Ing. Jakub K\u0159\u00ed\u017e<\/strong><\/p>\n<ul>\n<li><a href=\"mailto:info@macphone.cz\"><span style=\"font-size: 1rem;\">info@macphone.cz<\/span><\/a><\/li>\n<li>+420608829926<\/li>\n<\/ul>\n<p>S\u00eddlo:&nbsp;14700 Praha &#8211; Bran\u00edk, Ve studen\u00e9m 1295\/15 <span style=\"text-decoration: underline;\"><b style=\"text-decoration-line: underline;\">(nejedn\u00e1 se o provozovnu &#8211; <\/b><b><u>kontakt<\/u><\/b><b style=\"text-decoration-line: underline;\">&nbsp;v\u017edy email nebo telefon)<\/b><\/span><\/p>\n<p><a href=\"https:\/\/wwwinfo.mfcr.cz\/cgi-bin\/ares\/darv_res.cgi?ico=05619581&amp;jazyk=cz&amp;xml=1\">I\u010cO:&nbsp;05619581<\/a><\/p>\n<p><strong>S\u00eddl\u00edme v Praze, nicm\u00e9n\u011b telefon je mo\u017en\u00e9 n\u00e1m zaslat odkudkoliv<\/strong><\/p>\n<table style=\"border-collapse: collapse; width: 99.8551%; height: 65px;\" border=\"1\">\n<tbody>\n<tr style=\"height: 51px;\">\n<td style=\"width: 100%; height: 51px; border-style: solid; text-align: center;\"><span style=\"text-decoration: underline;\"><span style=\"color: #ff0000;\"><strong style=\"font-size: 1rem;\">Kontaktovat n\u00e1s m\u016f\u017eete kdykoliv!<br \/>\n<\/strong><\/span><\/span><span style=\"color: #ff0000;\"><strong>Na SMS dotazy odpov\u00edd\u00e1me do 30 minut<\/strong><\/span><\/td>\n<\/tr>\n<\/tbody>\n<\/table>\n<div role=\"form\" class=\"wpcf7\" id=\"wpcf7-f96-o1\" lang=\"cs-CZ\" dir=\"ltr\">\n<div class=\"screen-reader-response\"><\/div>\n<form action=\"\/subdom\/frp\/jak-odstranit-frp-google-ucet\/wp-json\/wp\/v2\/pages\/10#wpcf7-f96-o1\" method=\"post\" class=\"wpcf7-form\" novalidate=\"novalidate\">\n<div style=\"display: none;\">\n<input type=\"hidden\" name=\"_wpcf7\" value=\"96\" \/>\n<input type=\"hidden\" name=\"_wpcf7_version\" value=\"5.0.4\" \/>\n<input type=\"hidden\" name=\"_wpcf7_locale\" value=\"cs_CZ\" \/>\n<input type=\"hidden\" name=\"_wpcf7_unit_tag\" value=\"wpcf7-f96-o1\" \/>\n<input type=\"hidden\" name=\"_wpcf7_container_post\" value=\"0\" \/>\n<\/div>\n<p><label> Va\u0161e jm\u00e9no (vy\u017eadov\u00e1no)<br \/>\n    <span class=\"wpcf7-form-control-wrap your-name\"><input type=\"text\" name=\"your-name\" value=\"\" size=\"40\" class=\"wpcf7-form-control wpcf7-text wpcf7-validates-as-required\" aria-required=\"true\" aria-invalid=\"false\" \/><\/span> <\/label><\/p>\n<p><label> V\u00e1\u0161 e-mail (vy\u017eadov\u00e1no)<br \/>\n    <span class=\"wpcf7-form-control-wrap your-email\"><input type=\"email\" name=\"your-email\" value=\"\" size=\"40\" class=\"wpcf7-form-control wpcf7-text wpcf7-email wpcf7-validates-as-required wpcf7-validates-as-email\" aria-required=\"true\" aria-invalid=\"false\" \/><\/span> <\/label><\/p>\n<p><label> P\u0159edm\u011bt<br \/>\n    <span class=\"wpcf7-form-control-wrap your-subject\"><input type=\"text\" name=\"your-subject\" value=\"\" size=\"40\" class=\"wpcf7-form-control wpcf7-text\" aria-invalid=\"false\" \/><\/span> <\/label><\/p>\n<p><label> Va\u0161e zpr\u00e1va<br \/>\n    <span class=\"wpcf7-form-control-wrap your-message\"><textarea name=\"your-message\" cols=\"40\" rows=\"10\" class=\"wpcf7-form-control wpcf7-textarea\" aria-invalid=\"false\"><\/textarea><\/span> <\/label><\/p>\n<div class=\"wpcf7-form-control-wrap\"><div data-sitekey=\"6LcYjakUAAAAABV2dqqTisU6NJwLrFs9aPGnAgcK\" class=\"wpcf7-form-control g-recaptcha wpcf7-recaptcha\"><\/div>\n<noscript>\n\t<div style=\"width: 302px; height: 422px;\">\n\t\t<div style=\"width: 302px; height: 422px; position: relative;\">\n\t\t\t<div style=\"width: 302px; height: 422px; position: absolute;\">\n\t\t\t\t<iframe src=\"https:\/\/www.google.com\/recaptcha\/api\/fallback?k=6LcYjakUAAAAABV2dqqTisU6NJwLrFs9aPGnAgcK\" frameborder=\"0\" scrolling=\"no\" style=\"width: 302px; height:422px; border-style: none;\">\n\t\t\t\t<\/iframe>\n\t\t\t<\/div>\n\t\t\t<div style=\"width: 300px; height: 60px; border-style: none; bottom: 12px; left: 25px; margin: 0px; padding: 0px; right: 25px; background: #f9f9f9; border: 1px solid #c1c1c1; border-radius: 3px;\">\n\t\t\t\t<textarea id=\"g-recaptcha-response\" name=\"g-recaptcha-response\" class=\"g-recaptcha-response\" style=\"width: 250px; height: 40px; border: 1px solid #c1c1c1; margin: 10px 25px; padding: 0px; resize: none;\">\n\t\t\t\t<\/textarea>\n\t\t\t<\/div>\n\t\t<\/div>\n\t<\/div>\n<\/noscript>\n<\/div>\n<p><input type=\"submit\" value=\"Odeslat\" class=\"wpcf7-form-control wpcf7-submit\" \/><\/p>\n<div class=\"wpcf7-response-output wpcf7-display-none\"><\/div><\/form><\/div>\n","protected":false},"excerpt":{"rendered":"<p>Ing. Jakub K\u0159\u00ed\u017e info@macphone.cz +420608829926 S\u00eddlo:&nbsp;14700 Praha &#8211; Bran\u00edk, Ve studen\u00e9m 1295\/15 (nejedn\u00e1 se o provozovnu &#8211; kontakt&nbsp;v\u017edy email nebo telefon) I\u010cO:&nbsp;05619581 S\u00eddl\u00edme v Praze, nicm\u00e9n\u011b telefon je mo\u017en\u00e9 n\u00e1m zaslat odkudkoliv Kontaktovat n\u00e1s m\u016f\u017eete kdykoliv! Na SMS dotazy odpov\u00edd\u00e1me do 30 minut<\/p>\n","protected":false},"author":1,"featured_media":0,"parent":0,"menu_order":0,"comment_status":"closed","ping_status":"closed","template":"","meta":{"_joinchat":{"telephone":"+420608829926"},"footnotes":""},"class_list":["post-10","page","type-page","status-publish","hentry"],"_links":{"self":[{"href":"https:\/\/frp.macphone.cz\/subdom\/frp\/jak-odstranit-frp-google-ucet\/wp-json\/wp\/v2\/pages\/10","targetHints":{"allow":["GET"]}}],"collection":[{"href":"https:\/\/frp.macphone.cz\/subdom\/frp\/jak-odstranit-frp-google-ucet\/wp-json\/wp\/v2\/pages"}],"about":[{"href":"https:\/\/frp.macphone.cz\/subdom\/frp\/jak-odstranit-frp-google-ucet\/wp-json\/wp\/v2\/types\/page"}],"author":[{"embeddable":true,"href":"https:\/\/frp.macphone.cz\/subdom\/frp\/jak-odstranit-frp-google-ucet\/wp-json\/wp\/v2\/users\/1"}],"replies":[{"embeddable":true,"href":"https:\/\/frp.macphone.cz\/subdom\/frp\/jak-odstranit-frp-google-ucet\/wp-json\/wp\/v2\/comments?post=10"}],"version-history":[{"count":16,"href":"https:\/\/frp.macphone.cz\/subdom\/frp\/jak-odstranit-frp-google-ucet\/wp-json\/wp\/v2\/pages\/10\/revisions"}],"predecessor-version":[{"id":337,"href":"https:\/\/frp.macphone.cz\/subdom\/frp\/jak-odstranit-frp-google-ucet\/wp-json\/wp\/v2\/pages\/10\/revisions\/337"}],"wp:attachment":[{"href":"https:\/\/frp.macphone.cz\/subdom\/frp\/jak-odstranit-frp-google-ucet\/wp-json\/wp\/v2\/media?parent=10"}],"curies":[{"name":"wp","href":"https:\/\/api.w.org\/{rel}","templated":true}]}}